{"id":2149,"date":"2026-03-08T14:26:32","date_gmt":"2026-03-08T14:26:32","guid":{"rendered":"https:\/\/christelle-destang.fr\/?page_id=2149"},"modified":"2026-03-08T14:28:04","modified_gmt":"2026-03-08T14:28:04","slug":"mentions-legales","status":"publish","type":"page","link":"https:\/\/christelle-destang.fr\/index.php\/mentions-legales\/","title":{"rendered":"Mentions l\u00e9gales\u200b"},"content":{"rendered":"\t\t<div data-elementor-type=\"wp-page\" data-elementor-id=\"2149\" class=\"elementor elementor-2149\">\n\t\t\t\t<div class=\"elementor-element elementor-element-473851f e-flex e-con-boxed e-con e-parent\" data-id=\"473851f\" data-element_type=\"container\" data-e-type=\"container\">\n\t\t\t\t\t<div class=\"e-con-inner\">\n\t\t\t\t<div class=\"elementor-element elementor-element-7aac624 elementor-widget elementor-widget-heading\" data-id=\"7aac624\" data-element_type=\"widget\" data-e-type=\"widget\" data-widget_type=\"heading.default\">\n\t\t\t\t\t<h2 class=\"elementor-heading-title elementor-size-default\">Mentions l\u00e9gales<\/h2>\t\t\t\t<\/div>\n\t\t\t\t<div class=\"elementor-element elementor-element-1ba5512 elementor-widget elementor-widget-spacer\" data-id=\"1ba5512\" data-element_type=\"widget\" data-e-type=\"widget\" data-widget_type=\"spacer.default\">\n\t\t\t\t\t\t\t<div class=\"elementor-spacer\">\n\t\t\t<div class=\"elementor-spacer-inner\"><\/div>\n\t\t<\/div>\n\t\t\t\t\t\t<\/div>\n\t\t\t\t<div class=\"elementor-element elementor-element-eea8503 elementor-widget elementor-widget-text-editor\" data-id=\"eea8503\" data-element_type=\"widget\" data-e-type=\"widget\" data-widget_type=\"text-editor.default\">\n\t\t\t\t\t\t\t\t\tEntreprise individuelle : Christelle Destang<br>\n\nNom commercial : Christelle Destang<br>\n\nNum\u00e9ro de SIRET : 83302348<br>\n\nCode NAF : 8551Z<br>\n\nAdresse du salon de massage : 4 avenue Alsace Lorraine, 64130 Maul\u00e9on-Licharre<br><br>\n\nLe site Christelle Destang, accessible \u00e0 l&#8217;URL : www.christelle-destang.fr est \u00e9dit\u00e9 par Christelle Destang.<br>\n\nAdresse postale : rue de Guernika, 64130 Maul\u00e9on-Licharre<br>\n\nAdresse \u00e9lectronique : cdestang@live.fr<br>\n\nNum\u00e9ro de t\u00e9l\u00e9phone : 06 86 25 43 78<br><br>\n\nH\u00e9bergeur du site : OVH<br>\n\nAdresse : 2 rue Kellermann BP 80157 59053 Roubaix Cedex 1 &#8211; France<br>\n\nSAS au capital de 10 174 560.00\u20ac<br>\n\nRCS Lille M\u00e9tropole 424 761 419 00045<br>\n\nCode APE 2620Z<br>\n\nN\u00b0TVA FR22424761419 SIREN : 424 761 419<br>\n\nPaiement de la TVA d&#8217;apr\u00e8s les d\u00e9bits\t\t\t\t\t\t\t\t<\/div>\n\t\t\t\t\t<\/div>\n\t\t\t\t<\/div>\n\t\t\t\t<\/div>\n\t\t","protected":false},"excerpt":{"rendered":"<p>Mentions l\u00e9gales Entreprise individuelle : Christelle Destang Nom commercial : Christelle Destang Num\u00e9ro de SIRET : 83302348 Code NAF : 8551Z Adresse du salon de massage : 4 avenue Alsace Lorraine, 64130 Maul\u00e9on-Licharre Le site Christelle Destang, accessible \u00e0 l&#8217;URL : www.christelle-destang.fr est \u00e9dit\u00e9 par Christelle Destang. Adresse postale : rue de Guernika, 64130 Maul\u00e9on-Licharre [&hellip;]<\/p>\n","protected":false},"author":1,"featured_media":0,"parent":0,"menu_order":0,"comment_status":"closed","ping_status":"closed","template":"","meta":{"footnotes":""},"class_list":["post-2149","page","type-page","status-publish","hentry"],"_links":{"self":[{"href":"https:\/\/christelle-destang.fr\/index.php\/wp-json\/wp\/v2\/pages\/2149","targetHints":{"allow":["GET"]}}],"collection":[{"href":"https:\/\/christelle-destang.fr\/index.php\/wp-json\/wp\/v2\/pages"}],"about":[{"href":"https:\/\/christelle-destang.fr\/index.php\/wp-json\/wp\/v2\/types\/page"}],"author":[{"embeddable":true,"href":"https:\/\/christelle-destang.fr\/index.php\/wp-json\/wp\/v2\/users\/1"}],"replies":[{"embeddable":true,"href":"https:\/\/christelle-destang.fr\/index.php\/wp-json\/wp\/v2\/comments?post=2149"}],"version-history":[{"count":29,"href":"https:\/\/christelle-destang.fr\/index.php\/wp-json\/wp\/v2\/pages\/2149\/revisions"}],"predecessor-version":[{"id":2190,"href":"https:\/\/christelle-destang.fr\/index.php\/wp-json\/wp\/v2\/pages\/2149\/revisions\/2190"}],"wp:attachment":[{"href":"https:\/\/christelle-destang.fr\/index.php\/wp-json\/wp\/v2\/media?parent=2149"}],"curies":[{"name":"wp","href":"https:\/\/api.w.org\/{rel}","templated":true}]}}