{"id":36,"date":"2025-11-28T13:45:05","date_gmt":"2025-11-28T13:45:05","guid":{"rendered":"https:\/\/christelle-destang.fr\/index.php\/menu\/"},"modified":"2026-03-03T15:46:59","modified_gmt":"2026-03-03T15:46:59","slug":"menu","status":"publish","type":"page","link":"https:\/\/christelle-destang.fr\/index.php\/menu\/","title":{"rendered":"Yoga"},"content":{"rendered":"\t\t<div data-elementor-type=\"wp-page\" data-elementor-id=\"36\" class=\"elementor elementor-36\">\n\t\t\t\t<div class=\"elementor-element elementor-element-14e823a4 e-flex e-con-boxed e-con e-parent\" data-id=\"14e823a4\" data-element_type=\"container\" data-e-type=\"container\">\n\t\t\t\t\t<div class=\"e-con-inner\">\n\t\t\t\t<div class=\"elementor-element elementor-element-5ba9bc49 elementor-widget elementor-widget-heading\" data-id=\"5ba9bc49\" data-element_type=\"widget\" data-e-type=\"widget\" data-widget_type=\"heading.default\">\n\t\t\t\t\t<h1 class=\"elementor-heading-title elementor-size-default\">Hatha Yoga<\/h1>\t\t\t\t<\/div>\n\t\t\t\t<div class=\"elementor-element elementor-element-4b30ed35 elementor-widget elementor-widget-text-editor\" data-id=\"4b30ed35\" data-element_type=\"widget\" data-e-type=\"widget\" data-widget_type=\"text-editor.default\">\n\t\t\t\t\t\t\t\t\t<p>Tous niveaux<\/p>\t\t\t\t\t\t\t\t<\/div>\n\t\t\t\t<div class=\"elementor-element elementor-element-b4d9c1d elementor-widget elementor-widget-spacer\" data-id=\"b4d9c1d\" data-element_type=\"widget\" data-e-type=\"widget\" data-widget_type=\"spacer.default\">\n\t\t\t\t\t\t\t<div class=\"elementor-spacer\">\n\t\t\t<div class=\"elementor-spacer-inner\"><\/div>\n\t\t<\/div>\n\t\t\t\t\t\t<\/div>\n\t\t\t\t\t<\/div>\n\t\t\t\t<\/div>\n\t\t<div class=\"elementor-element elementor-element-7d7efb7 e-flex e-con-boxed e-con e-parent\" data-id=\"7d7efb7\" data-element_type=\"container\" data-e-type=\"container\">\n\t\t\t\t\t<div class=\"e-con-inner\">\n\t\t<div class=\"elementor-element elementor-element-3ee5c58 e-con-full e-flex e-con e-child\" data-id=\"3ee5c58\" data-element_type=\"container\" data-e-type=\"container\">\n\t\t<div class=\"elementor-element elementor-element-9febaa3 e-con-full e-flex elementor-invisible e-con e-child\" data-id=\"9febaa3\" data-element_type=\"container\" data-e-type=\"container\" data-settings=\"{&quot;animation&quot;:&quot;fadeInRight&quot;}\">\n\t\t<div class=\"elementor-element elementor-element-1f5589a4 e-con-full e-flex e-con e-child\" data-id=\"1f5589a4\" data-element_type=\"container\" data-e-type=\"container\" data-settings=\"{&quot;background_background&quot;:&quot;classic&quot;}\">\n\t\t\t\t<div class=\"elementor-element elementor-element-7438011 elementor-widget elementor-widget-heading\" data-id=\"7438011\" data-element_type=\"widget\" data-e-type=\"widget\" data-widget_type=\"heading.default\">\n\t\t\t\t\t<h2 class=\"elementor-heading-title elementor-size-default\"><font face=\"allison\"><span style=\"font-size: 50px\">Aussurucq <\/span><\/font><span style=\"font-family: Poppins;font-size: 20px\">(ancienne \u00e9cole)<\/span><\/h2>\t\t\t\t<\/div>\n\t\t\t\t<div class=\"elementor-element elementor-element-6641bc8 elementor-widget elementor-widget-text-editor\" data-id=\"6641bc8\" data-element_type=\"widget\" data-e-type=\"widget\" data-widget_type=\"text-editor.default\">\n\t\t\t\t\t\t\t\t\t<p>lundi 18h30-19h45<\/p>\t\t\t\t\t\t\t\t<\/div>\n\t\t\t\t<div class=\"elementor-element elementor-element-4dcef395 elementor-widget elementor-widget-heading\" data-id=\"4dcef395\" data-element_type=\"widget\" data-e-type=\"widget\" data-widget_type=\"heading.default\">\n\t\t\t\t\t<h2 class=\"elementor-heading-title elementor-size-default\"><span style=\"font-family: allison;font-size: 50px\">Barcus <span style=\"font-family: Poppins;font-size: 20px\"> (salle Patronage)<\/span><\/span><\/h2>\t\t\t\t<\/div>\n\t\t\t\t<div class=\"elementor-element elementor-element-120bb669 elementor-widget elementor-widget-text-editor\" data-id=\"120bb669\" data-element_type=\"widget\" data-e-type=\"widget\" data-widget_type=\"text-editor.default\">\n\t\t\t\t\t\t\t\t\t<p><span dir=\"auto\" style=\"vertical-align: inherit;\"><span dir=\"auto\" style=\"vertical-align: inherit;\">mardi 18h30-20h<\/span><\/span><\/p>\t\t\t\t\t\t\t\t<\/div>\n\t\t\t\t<\/div>\n\t\t\t\t<\/div>\n\t\t<div class=\"elementor-element elementor-element-7c9c3c4 e-con-full e-flex e-con e-child\" data-id=\"7c9c3c4\" data-element_type=\"container\" data-e-type=\"container\">\n\t\t\t\t<div class=\"elementor-element elementor-element-6434990 elementor-widget__width-initial elementor-invisible elementor-widget elementor-widget-image\" data-id=\"6434990\" data-element_type=\"widget\" data-e-type=\"widget\" data-settings=\"{&quot;_animation&quot;:&quot;fadeInLeft&quot;}\" data-widget_type=\"image.default\">\n\t\t\t\t\t\t\t\t\t\t\t\t\t\t\t<img fetchpriority=\"high\" decoding=\"async\" width=\"1280\" height=\"570\" src=\"https:\/\/christelle-destang.fr\/wp-content\/uploads\/2026\/02\/peggy_marco-yoga-4650150_1280-e1771241843967.webp\" class=\"attachment-full size-full wp-image-400\" alt=\"\" srcset=\"https:\/\/christelle-destang.fr\/wp-content\/uploads\/2026\/02\/peggy_marco-yoga-4650150_1280-e1771241843967.webp 1280w, https:\/\/christelle-destang.fr\/wp-content\/uploads\/2026\/02\/peggy_marco-yoga-4650150_1280-e1771241843967-300x134.webp 300w, https:\/\/christelle-destang.fr\/wp-content\/uploads\/2026\/02\/peggy_marco-yoga-4650150_1280-e1771241843967-1024x456.webp 1024w, https:\/\/christelle-destang.fr\/wp-content\/uploads\/2026\/02\/peggy_marco-yoga-4650150_1280-e1771241843967-768x342.webp 768w\" sizes=\"(max-width: 1280px) 100vw, 1280px\" \/>\t\t\t\t\t\t\t\t\t\t\t\t\t\t\t<\/div>\n\t\t\t\t<\/div>\n\t\t\t\t<\/div>\n\t\t<div class=\"elementor-element elementor-element-7f4810f e-con-full e-flex e-con e-child\" data-id=\"7f4810f\" data-element_type=\"container\" data-e-type=\"container\">\n\t\t<div class=\"elementor-element elementor-element-a12c976 e-flex e-con-boxed elementor-invisible e-con e-child\" data-id=\"a12c976\" data-element_type=\"container\" data-e-type=\"container\" data-settings=\"{&quot;background_background&quot;:&quot;classic&quot;,&quot;animation&quot;:&quot;fadeInUp&quot;}\">\n\t\t\t\t\t<div class=\"e-con-inner\">\n\t\t\t\t<div class=\"elementor-element elementor-element-f661630 elementor-widget elementor-widget-heading\" data-id=\"f661630\" data-element_type=\"widget\" data-e-type=\"widget\" data-widget_type=\"heading.default\">\n\t\t\t\t\t<h2 class=\"elementor-heading-title elementor-size-default\"><font face=\"allison\"><span style=\"font-size: 50px\">Maul\u00e9on <\/span><\/font><span style=\"font-family: Poppins;font-size: 20px\">(salle de danse - Maison des services)<\/span><\/h2>\t\t\t\t<\/div>\n\t\t\t\t<div class=\"elementor-element elementor-element-3ab2696 elementor-widget elementor-widget-text-editor\" data-id=\"3ab2696\" data-element_type=\"widget\" data-e-type=\"widget\" data-widget_type=\"text-editor.default\">\n\t\t\t\t\t\t\t\t\t<p>lundi 16h-17h30<\/p><p>jeudi 18h30-20h<\/p><p>vendredi 14h15-15h30<\/p>\t\t\t\t\t\t\t\t<\/div>\n\t\t\t\t<div class=\"elementor-element elementor-element-a194a1a elementor-widget elementor-widget-heading\" data-id=\"a194a1a\" data-element_type=\"widget\" data-e-type=\"widget\" data-widget_type=\"heading.default\">\n\t\t\t\t\t<h2 class=\"elementor-heading-title elementor-size-default\"><font face=\"allison\"><span style=\"font-size: 50px\">Pagolle <\/span><\/font><span style=\"font-family: Poppins;font-size: 20px\">(salle de r\u00e9union - Mairie)<\/span><\/h2>\t\t\t\t<\/div>\n\t\t\t\t<div class=\"elementor-element elementor-element-7001f9e elementor-widget elementor-widget-text-editor\" data-id=\"7001f9e\" data-element_type=\"widget\" data-e-type=\"widget\" data-widget_type=\"text-editor.default\">\n\t\t\t\t\t\t\t\t\t<p>mercredi 18h30-20h<\/p>\t\t\t\t\t\t\t\t<\/div>\n\t\t\t\t\t<\/div>\n\t\t\t\t<\/div>\n\t\t\t\t<\/div>\n\t\t\t\t\t<\/div>\n\t\t\t\t<\/div>\n\t\t<div class=\"elementor-element elementor-element-811f832 e-flex e-con-boxed e-con e-parent\" data-id=\"811f832\" data-element_type=\"container\" data-e-type=\"container\" data-settings=\"{&quot;background_background&quot;:&quot;classic&quot;}\">\n\t\t\t\t\t<div class=\"e-con-inner\">\n\t\t\t\t<div class=\"elementor-element elementor-element-167f7d8 elementor-widget elementor-widget-spacer\" data-id=\"167f7d8\" data-element_type=\"widget\" data-e-type=\"widget\" data-widget_type=\"spacer.default\">\n\t\t\t\t\t\t\t<div class=\"elementor-spacer\">\n\t\t\t<div class=\"elementor-spacer-inner\"><\/div>\n\t\t<\/div>\n\t\t\t\t\t\t<\/div>\n\t\t\t\t<div class=\"elementor-element elementor-element-7e01990 elementor-widget elementor-widget-heading\" data-id=\"7e01990\" data-element_type=\"widget\" data-e-type=\"widget\" data-widget_type=\"heading.default\">\n\t\t\t\t\t<h2 class=\"elementor-heading-title elementor-size-default\">Envie d\u2019essayer\u00a0? Une question\u00a0? <\/h2>\t\t\t\t<\/div>\n\t\t\t\t<div class=\"elementor-element elementor-element-1421c33 elementor-widget elementor-widget-text-editor\" data-id=\"1421c33\" data-element_type=\"widget\" data-e-type=\"widget\" data-widget_type=\"text-editor.default\">\n\t\t\t\t\t\t\t\t\t<p><span dir=\"auto\" style=\"vertical-align: inherit;\"><span dir=\"auto\" style=\"vertical-align: inherit;\">Contactez-moi au 06 86 25 43 78 (SMS ou appel)<\/span><\/span><\/p>\t\t\t\t\t\t\t\t<\/div>\n\t\t\t\t<div class=\"elementor-element elementor-element-b316087 elementor-widget elementor-widget-spacer\" data-id=\"b316087\" data-element_type=\"widget\" data-e-type=\"widget\" data-widget_type=\"spacer.default\">\n\t\t\t\t\t\t\t<div class=\"elementor-spacer\">\n\t\t\t<div class=\"elementor-spacer-inner\"><\/div>\n\t\t<\/div>\n\t\t\t\t\t\t<\/div>\n\t\t\t\t\t<\/div>\n\t\t\t\t<\/div>\n\t\t<div class=\"elementor-element elementor-element-7920b3c6 e-con-full e-flex e-con e-parent\" data-id=\"7920b3c6\" data-element_type=\"container\" data-e-type=\"container\" id=\"smoothies\">\n\t\t\t\t<div class=\"elementor-element elementor-element-df9b2a9 elementor-widget elementor-widget-image\" data-id=\"df9b2a9\" data-element_type=\"widget\" data-e-type=\"widget\" data-widget_type=\"image.default\">\n\t\t\t\t\t\t\t\t\t\t\t\t\t\t\t<img decoding=\"async\" width=\"800\" height=\"800\" src=\"https:\/\/christelle-destang.fr\/wp-content\/uploads\/2026\/02\/Sh-S-creme-1024x1024.webp\" class=\"attachment-large size-large wp-image-1200\" alt=\"\" srcset=\"https:\/\/christelle-destang.fr\/wp-content\/uploads\/2026\/02\/Sh-S-creme-1024x1024.webp 1024w, https:\/\/christelle-destang.fr\/wp-content\/uploads\/2026\/02\/Sh-S-creme-300x300.webp 300w, https:\/\/christelle-destang.fr\/wp-content\/uploads\/2026\/02\/Sh-S-creme-150x150.webp 150w, https:\/\/christelle-destang.fr\/wp-content\/uploads\/2026\/02\/Sh-S-creme-768x768.webp 768w, https:\/\/christelle-destang.fr\/wp-content\/uploads\/2026\/02\/Sh-S-creme.webp 1080w\" sizes=\"(max-width: 800px) 100vw, 800px\" \/>\t\t\t\t\t\t\t\t\t\t\t\t\t\t\t<\/div>\n\t\t<div class=\"elementor-element elementor-element-3e3be98e e-con-full e-flex e-con e-child\" data-id=\"3e3be98e\" data-element_type=\"container\" data-e-type=\"container\" data-settings=\"{&quot;background_background&quot;:&quot;classic&quot;}\">\n\t\t\t\t<div class=\"elementor-element elementor-element-36639852 elementor-widget elementor-widget-heading\" data-id=\"36639852\" data-element_type=\"widget\" data-e-type=\"widget\" data-widget_type=\"heading.default\">\n\t\t\t\t\t<h2 class=\"elementor-heading-title elementor-size-default\">Tarifs<\/h2>\t\t\t\t<\/div>\n\t\t\t\t<div class=\"elementor-element elementor-element-56fa11b3 elementor-widget elementor-widget-text-editor\" data-id=\"56fa11b3\" data-element_type=\"widget\" data-e-type=\"widget\" data-widget_type=\"text-editor.default\">\n\t\t\t\t\t\t\t\t\t<p><strong>Adh\u00e9sion<\/strong> \u00e0 l&#8217;association Shanti Samaya : <strong>20\u20ac<\/strong><\/p>\t\t\t\t\t\t\t\t<\/div>\n\t\t\t\t<div class=\"elementor-element elementor-element-8b56397 elementor-widget elementor-widget-text-editor\" data-id=\"8b56397\" data-element_type=\"widget\" data-e-type=\"widget\" data-widget_type=\"text-editor.default\">\n\t\t\t\t\t\t\t\t\t<p><strong><span dir=\"auto\" style=\"vertical-align: inherit;\"><span dir=\"auto\" style=\"vertical-align: inherit;\">Cours :<\/span><\/span><\/strong><span dir=\"auto\" style=\"vertical-align: inherit;\"><span dir=\"auto\" style=\"vertical-align: inherit;\"> 1h30 &#8211; 9,50\u20ac (330\u20ac annuel)<\/span><\/span><\/p><p><span dir=\"auto\" style=\"vertical-align: inherit;\"><span dir=\"auto\" style=\"vertical-align: inherit;\">Pas de cours pendant les vacances scolaires<\/span><\/span><\/p>\t\t\t\t\t\t\t\t<\/div>\n\t\t\t\t<div class=\"elementor-element elementor-element-e0896b7 elementor-widget elementor-widget-text-editor\" data-id=\"e0896b7\" data-element_type=\"widget\" data-e-type=\"widget\" data-widget_type=\"text-editor.default\">\n\t\t\t\t\t\t\t\t\t<p>Cours particulier : contactez-moi directement au<br \/>06 86 25 43 78<\/p>\t\t\t\t\t\t\t\t<\/div>\n\t\t\t\t<\/div>\n\t\t\t\t<\/div>\n\t\t<div class=\"elementor-element elementor-element-edab48c e-flex e-con-boxed e-con e-parent\" data-id=\"edab48c\" data-element_type=\"container\" data-e-type=\"container\">\n\t\t\t\t\t<div class=\"e-con-inner\">\n\t\t\t\t<div class=\"elementor-element elementor-element-1e3aebf elementor-widget-mobile__width-inherit elementor-mobile-align-left elementor-widget elementor-widget-button\" data-id=\"1e3aebf\" data-element_type=\"widget\" data-e-type=\"widget\" data-widget_type=\"button.default\">\n\t\t\t\t\t\t\t\t\t\t<a class=\"elementor-button elementor-button-link elementor-size-sm\" href=\"https:\/\/christelle-destang.fr\/index.php\/home\/\">\n\t\t\t\t\t\t<span class=\"elementor-button-content-wrapper\">\n\t\t\t\t\t\t\t\t\t<span class=\"elementor-button-text\">\u2190 Accueil<\/span>\n\t\t\t\t\t<\/span>\n\t\t\t\t\t<\/a>\n\t\t\t\t\t\t\t\t<\/div>\n\t\t\t\t<div class=\"elementor-element elementor-element-117f869 elementor-widget-mobile__width-initial elementor-mobile-align-right elementor-widget elementor-widget-button\" data-id=\"117f869\" data-element_type=\"widget\" data-e-type=\"widget\" data-widget_type=\"button.default\">\n\t\t\t\t\t\t\t\t\t\t<a class=\"elementor-button elementor-button-link elementor-size-sm\" href=\"https:\/\/christelle-destang.fr\/index.php\/about\/\">\n\t\t\t\t\t\t<span class=\"elementor-button-content-wrapper\">\n\t\t\t\t\t\t\t\t\t<span class=\"elementor-button-text\">Massage Th\u00e9rapeutique \u2192<\/span>\n\t\t\t\t\t<\/span>\n\t\t\t\t\t<\/a>\n\t\t\t\t\t\t\t\t<\/div>\n\t\t\t\t\t<\/div>\n\t\t\t\t<\/div>\n\t\t\t\t<\/div>\n\t\t","protected":false},"excerpt":{"rendered":"<p>Hatha Yoga Tous niveaux Aussurucq (ancienne \u00e9cole) lundi 18h30-19h45 Barcus (salle Patronage) mardi 18h30-20h Maul\u00e9on (salle de danse &#8211; Maison des services) lundi 16h-17h30 jeudi 18h30-20h vendredi 14h15-15h30 Pagolle (salle de r\u00e9union &#8211; Mairie) mercredi 18h30-20h Envie d\u2019essayer\u00a0? Une question\u00a0? Contactez-moi au 06 86 25 43 78 (SMS ou appel) Tarifs Adh\u00e9sion \u00e0 l&#8217;association Shanti [&hellip;]<\/p>\n","protected":false},"author":1,"featured_media":0,"parent":0,"menu_order":0,"comment_status":"closed","ping_status":"closed","template":"elementor_header_footer","meta":{"footnotes":""},"class_list":["post-36","page","type-page","status-publish","hentry"],"_links":{"self":[{"href":"https:\/\/christelle-destang.fr\/index.php\/wp-json\/wp\/v2\/pages\/36","targetHints":{"allow":["GET"]}}],"collection":[{"href":"https:\/\/christelle-destang.fr\/index.php\/wp-json\/wp\/v2\/pages"}],"about":[{"href":"https:\/\/christelle-destang.fr\/index.php\/wp-json\/wp\/v2\/types\/page"}],"author":[{"embeddable":true,"href":"https:\/\/christelle-destang.fr\/index.php\/wp-json\/wp\/v2\/users\/1"}],"replies":[{"embeddable":true,"href":"https:\/\/christelle-destang.fr\/index.php\/wp-json\/wp\/v2\/comments?post=36"}],"version-history":[{"count":371,"href":"https:\/\/christelle-destang.fr\/index.php\/wp-json\/wp\/v2\/pages\/36\/revisions"}],"predecessor-version":[{"id":2116,"href":"https:\/\/christelle-destang.fr\/index.php\/wp-json\/wp\/v2\/pages\/36\/revisions\/2116"}],"wp:attachment":[{"href":"https:\/\/christelle-destang.fr\/index.php\/wp-json\/wp\/v2\/media?parent=36"}],"curies":[{"name":"wp","href":"https:\/\/api.w.org\/{rel}","templated":true}]}}