{"id":50,"date":"2025-11-28T13:45:07","date_gmt":"2025-11-28T13:45:07","guid":{"rendered":"https:\/\/christelle-destang.fr\/index.php\/about\/"},"modified":"2026-03-06T10:57:45","modified_gmt":"2026-03-06T10:57:45","slug":"about","status":"publish","type":"page","link":"https:\/\/christelle-destang.fr\/index.php\/about\/","title":{"rendered":"Massages Th\u00e9rapeutiques"},"content":{"rendered":"\t\t<div data-elementor-type=\"wp-page\" data-elementor-id=\"50\" class=\"elementor elementor-50\">\n\t\t\t\t<div class=\"elementor-element elementor-element-758d2647 e-con-full e-flex e-con e-parent\" data-id=\"758d2647\" data-element_type=\"container\" data-e-type=\"container\" data-settings=\"{&quot;background_background&quot;:&quot;classic&quot;}\">\n\t\t\t\t<div class=\"elementor-element elementor-element-5fde407 elementor-widget elementor-widget-heading\" data-id=\"5fde407\" data-element_type=\"widget\" data-e-type=\"widget\" data-widget_type=\"heading.default\">\n\t\t\t\t\t<h1 class=\"elementor-heading-title elementor-size-default\"> Vous traversez une \u00e9preuve ou des changements\u00a0importants ? <\/h1>\t\t\t\t<\/div>\n\t\t\t\t<\/div>\n\t\t<div class=\"elementor-element elementor-element-e52473b e-con-full e-flex elementor-invisible e-con e-parent\" data-id=\"e52473b\" data-element_type=\"container\" data-e-type=\"container\" data-settings=\"{&quot;background_background&quot;:&quot;classic&quot;,&quot;animation&quot;:&quot;slideInRight&quot;}\">\n\t\t<div class=\"elementor-element elementor-element-4948ece8 e-con-full e-flex e-con e-child\" data-id=\"4948ece8\" data-element_type=\"container\" data-e-type=\"container\">\n\t\t\t\t<div class=\"elementor-element elementor-element-1ae26f94 elementor-widget__width-initial elementor-widget elementor-widget-heading\" data-id=\"1ae26f94\" data-element_type=\"widget\" data-e-type=\"widget\" data-widget_type=\"heading.default\">\n\t\t\t\t\t<h1 class=\"elementor-heading-title elementor-size-default\">Massage Th\u00e9rapeutique<\/h1>\t\t\t\t<\/div>\n\t\t\t\t<div class=\"elementor-element elementor-element-7706edb5 elementor-widget__width-initial elementor-widget elementor-widget-text-editor\" data-id=\"7706edb5\" data-element_type=\"widget\" data-e-type=\"widget\" data-widget_type=\"text-editor.default\">\n\t\t\t\t\t\t\t\t\t<p>Le massage th\u00e9rapeutique est sp\u00e9cifique \u00e0 chaque personne.<\/p><p>La s\u00e9ance d\u00e9marre par un temps de parole qui permet d\u2019aborder la probl\u00e9matique de la personne, d\u2019entendre ses besoins, ce qu\u2019elle estime devoir \u00eatre gu\u00e9ri en elle. Viennent ensuite le temps du massage puis un temps d\u2019int\u00e9gration verbale.<\/p><p>Ces diff\u00e9rents temps permettent de conscientiser et de faire le lien entre les maux et les \u00e9v\u00e9nements de la vie.<\/p>\t\t\t\t\t\t\t\t<\/div>\n\t\t\t\t<div class=\"elementor-element elementor-element-660b9563 animated-slow elementor-widget-mobile__width-initial elementor-absolute elementor-hidden-mobile elementor-widget elementor-widget-image\" data-id=\"660b9563\" data-element_type=\"widget\" data-e-type=\"widget\" data-settings=\"{&quot;_animation&quot;:&quot;none&quot;,&quot;_position&quot;:&quot;absolute&quot;}\" data-widget_type=\"image.default\">\n\t\t\t\t\t\t\t\t\t\t\t\t\t\t\t<img fetchpriority=\"high\" decoding=\"async\" width=\"848\" height=\"640\" src=\"https:\/\/christelle-destang.fr\/wp-content\/uploads\/2026\/02\/Hendaye-scaled-e1772113330140.webp\" class=\"attachment-full size-full wp-image-633\" alt=\"\" srcset=\"https:\/\/christelle-destang.fr\/wp-content\/uploads\/2026\/02\/Hendaye-scaled-e1772113330140.webp 848w, https:\/\/christelle-destang.fr\/wp-content\/uploads\/2026\/02\/Hendaye-scaled-e1772113330140-300x226.webp 300w, https:\/\/christelle-destang.fr\/wp-content\/uploads\/2026\/02\/Hendaye-scaled-e1772113330140-768x580.webp 768w\" sizes=\"(max-width: 848px) 100vw, 848px\" \/>\t\t\t\t\t\t\t\t\t\t\t\t\t\t\t<\/div>\n\t\t\t\t<\/div>\n\t\t\t\t<\/div>\n\t\t<div class=\"elementor-element elementor-element-3268fed6 e-con-full e-flex elementor-invisible e-con e-parent\" data-id=\"3268fed6\" data-element_type=\"container\" data-e-type=\"container\" data-settings=\"{&quot;background_background&quot;:&quot;classic&quot;,&quot;animation&quot;:&quot;slideInLeft&quot;}\">\n\t\t<div class=\"elementor-element elementor-element-49cfd607 e-con-full elementor-hidden-mobile e-flex e-con e-child\" data-id=\"49cfd607\" data-element_type=\"container\" data-e-type=\"container\">\n\t\t\t\t<div class=\"elementor-element elementor-element-b5e86d1 elementor-hidden-tablet elementor-widget elementor-widget-image\" data-id=\"b5e86d1\" data-element_type=\"widget\" data-e-type=\"widget\" data-widget_type=\"image.default\">\n\t\t\t\t\t\t\t\t\t\t\t\t\t\t\t<img decoding=\"async\" width=\"650\" height=\"943\" src=\"https:\/\/christelle-destang.fr\/wp-content\/uploads\/2026\/02\/vers-Biarritz-e1771244113372.webp\" class=\"attachment-full size-full wp-image-667\" alt=\"\" srcset=\"https:\/\/christelle-destang.fr\/wp-content\/uploads\/2026\/02\/vers-Biarritz-e1771244113372.webp 650w, https:\/\/christelle-destang.fr\/wp-content\/uploads\/2026\/02\/vers-Biarritz-e1771244113372-207x300.webp 207w\" sizes=\"(max-width: 650px) 100vw, 650px\" \/>\t\t\t\t\t\t\t\t\t\t\t\t\t\t\t<\/div>\n\t\t\t\t<\/div>\n\t\t<div class=\"elementor-element elementor-element-6fcfd4e9 e-con-full e-flex e-con e-child\" data-id=\"6fcfd4e9\" data-element_type=\"container\" data-e-type=\"container\">\n\t\t\t\t<div class=\"elementor-element elementor-element-651ee352 elementor-widget elementor-widget-heading\" data-id=\"651ee352\" data-element_type=\"widget\" data-e-type=\"widget\" data-widget_type=\"heading.default\">\n\t\t\t\t\t<h2 class=\"elementor-heading-title elementor-size-default\"><p style=\"margin-bottom: 0.28cm\">\nLe point de d\u00e9part&nbsp;:  <span style=\"font-family: Poppins;font-size: 20px;color: #156275\">\n nos souvenirs douloureux sont refoul\u00e9s\ndans l\u2019inconscient et enregistr\u00e9s dans le corps. <\/span> <\/p> <br> \n<p style=\"margin-bottom: 0.28cm\">   Le principe fondamental&nbsp;: <span style=\"font-family: Poppins;font-size: 20px;color: #156275\">\nchaque personne d\u00e9tient en elle-m\u00eame le potentiel pour r\u00e9soudre\ntoutes ses probl\u00e9matiques (Carl Rogers).<\/span> <span style=\"letter-spacing: 0.2px\"><\/span><\/p><\/h2>\t\t\t\t<\/div>\n\t\t\t\t<\/div>\n\t\t\t\t<\/div>\n\t\t<div class=\"elementor-element elementor-element-c45343a e-flex e-con-boxed e-con e-parent\" data-id=\"c45343a\" data-element_type=\"container\" data-e-type=\"container\" data-settings=\"{&quot;background_background&quot;:&quot;classic&quot;}\">\n\t\t\t\t\t<div class=\"e-con-inner\">\n\t\t\t\t<div class=\"elementor-element elementor-element-e81eb01 elementor-widget elementor-widget-text-editor\" data-id=\"e81eb01\" data-element_type=\"widget\" data-e-type=\"widget\" data-widget_type=\"text-editor.default\">\n\t\t\t\t\t\t\t\t\t<p>\u00a0<span style=\"letter-spacing: 0px; word-spacing: 0em;\">S\u00e9ance : 1h30 &#8211; 75 \u20ac<\/span><\/p><p>4 avenue Alsace Lorraine 64130 Maul\u00e9on<\/p><p>Sur rendez-vous : 06 86 25 43 78<\/p>\t\t\t\t\t\t\t\t<\/div>\n\t\t\t\t\t<\/div>\n\t\t\t\t<\/div>\n\t\t<div class=\"elementor-element elementor-element-d03e5e6 e-flex e-con-boxed e-con e-parent\" data-id=\"d03e5e6\" data-element_type=\"container\" data-e-type=\"container\">\n\t\t\t\t\t<div class=\"e-con-inner\">\n\t\t<div class=\"elementor-element elementor-element-30523bf e-con-full e-flex e-con e-child\" data-id=\"30523bf\" data-element_type=\"container\" data-e-type=\"container\" data-settings=\"{&quot;background_background&quot;:&quot;classic&quot;}\">\n\t\t\t\t<div class=\"elementor-element elementor-element-ebebea8 elementor-mobile-align-left elementor-widget elementor-widget-button\" data-id=\"ebebea8\" data-element_type=\"widget\" data-e-type=\"widget\" data-widget_type=\"button.default\">\n\t\t\t\t\t\t\t\t\t\t<a class=\"elementor-button elementor-button-link elementor-size-sm\" href=\"https:\/\/christelle-destang.fr\/index.php\/home\/\">\n\t\t\t\t\t\t<span class=\"elementor-button-content-wrapper\">\n\t\t\t\t\t\t\t\t\t<span class=\"elementor-button-text\">\u2190 Accueil<\/span>\n\t\t\t\t\t<\/span>\n\t\t\t\t\t<\/a>\n\t\t\t\t\t\t\t\t<\/div>\n\t\t\t\t<div class=\"elementor-element elementor-element-b8f04c1 elementor-mobile-align-right elementor-widget-mobile__width-initial elementor-widget elementor-widget-button\" data-id=\"b8f04c1\" data-element_type=\"widget\" data-e-type=\"widget\" data-widget_type=\"button.default\">\n\t\t\t\t\t\t\t\t\t\t<a class=\"elementor-button elementor-button-link elementor-size-sm\" href=\"https:\/\/christelle-destang.fr\/index.php\/menu\/\">\n\t\t\t\t\t\t<span class=\"elementor-button-content-wrapper\">\n\t\t\t\t\t\t\t\t\t<span class=\"elementor-button-text\">Yoga \u2192<\/span>\n\t\t\t\t\t<\/span>\n\t\t\t\t\t<\/a>\n\t\t\t\t\t\t\t\t<\/div>\n\t\t\t\t<\/div>\n\t\t\t\t\t<\/div>\n\t\t\t\t<\/div>\n\t\t\t\t<\/div>\n\t\t","protected":false},"excerpt":{"rendered":"<p>Vous traversez une \u00e9preuve ou des changements\u00a0importants ? Massage Th\u00e9rapeutique Le massage th\u00e9rapeutique est sp\u00e9cifique \u00e0 chaque personne. La s\u00e9ance d\u00e9marre par un temps de parole qui permet d\u2019aborder la probl\u00e9matique de la personne, d\u2019entendre ses besoins, ce qu\u2019elle estime devoir \u00eatre gu\u00e9ri en elle. Viennent ensuite le temps du massage puis un temps d\u2019int\u00e9gration [&hellip;]<\/p>\n","protected":false},"author":1,"featured_media":0,"parent":0,"menu_order":0,"comment_status":"closed","ping_status":"closed","template":"elementor_header_footer","meta":{"footnotes":""},"class_list":["post-50","page","type-page","status-publish","hentry"],"_links":{"self":[{"href":"https:\/\/christelle-destang.fr\/index.php\/wp-json\/wp\/v2\/pages\/50","targetHints":{"allow":["GET"]}}],"collection":[{"href":"https:\/\/christelle-destang.fr\/index.php\/wp-json\/wp\/v2\/pages"}],"about":[{"href":"https:\/\/christelle-destang.fr\/index.php\/wp-json\/wp\/v2\/types\/page"}],"author":[{"embeddable":true,"href":"https:\/\/christelle-destang.fr\/index.php\/wp-json\/wp\/v2\/users\/1"}],"replies":[{"embeddable":true,"href":"https:\/\/christelle-destang.fr\/index.php\/wp-json\/wp\/v2\/comments?post=50"}],"version-history":[{"count":447,"href":"https:\/\/christelle-destang.fr\/index.php\/wp-json\/wp\/v2\/pages\/50\/revisions"}],"predecessor-version":[{"id":2122,"href":"https:\/\/christelle-destang.fr\/index.php\/wp-json\/wp\/v2\/pages\/50\/revisions\/2122"}],"wp:attachment":[{"href":"https:\/\/christelle-destang.fr\/index.php\/wp-json\/wp\/v2\/media?parent=50"}],"curies":[{"name":"wp","href":"https:\/\/api.w.org\/{rel}","templated":true}]}}